{"id":1019,"date":"2024-08-13T21:12:45","date_gmt":"2024-08-13T19:12:45","guid":{"rendered":"https:\/\/jmbarrie.fr\/?page_id=1019"},"modified":"2024-08-14T11:18:10","modified_gmt":"2024-08-14T09:18:10","slug":"carnet-numero-6-1885-1888","status":"publish","type":"page","link":"https:\/\/jmbarrie.fr\/index.php\/carnet-numero-6-1885-1888\/","title":{"rendered":"Carnet num\u00e9ro 6 : 1885-1888"},"content":{"rendered":"\t\t<div data-elementor-type=\"wp-page\" data-elementor-id=\"1019\" class=\"elementor elementor-1019\">\n\t\t\t\t\t\t<section class=\"elementor-section elementor-top-section elementor-element elementor-element-67bc35e2 elementor-section-boxed elementor-section-height-default elementor-section-height-default\" data-id=\"67bc35e2\" data-element_type=\"section\">\n\t\t\t\t\t\t<div class=\"elementor-container elementor-column-gap-default\">\n\t\t\t\t\t<div class=\"elementor-column elementor-col-100 elementor-top-column elementor-element elementor-element-2c4b2762\" data-id=\"2c4b2762\" data-element_type=\"column\">\n\t\t\t<div class=\"elementor-widget-wrap elementor-element-populated\">\n\t\t\t\t\t\t<div class=\"elementor-element elementor-element-05c77f3 elementor-widget elementor-widget-text-editor\" data-id=\"05c77f3\" data-element_type=\"widget\" data-widget_type=\"text-editor.default\">\n\t\t\t\t<div class=\"elementor-widget-container\">\n\t\t\t\t\t\t\t\t\t<p><span style=\"text-decoration: underline;\">Note d&rsquo;Andrew :<\/span> <br>Bien que les Cahiers #1-4 soient ant\u00e9rieurs \u00e0 ceci, ils sont quasi exclusivement constitu\u00e9s de brouillons en vue de ses nombreux articles et \u00e9ditoriaux \u00e9crits pour <em>The Nottingham Journal<\/em>. Pendant son s\u00e9jour \u00e0 Nottingham, Barrie commen\u00e7ait alors \u00e0 soumettre des articles \u00e0 des p\u00e9riodiques londoniens, notamment le <em>Pall Mall Gazette<\/em> et le <em>St James\u2019s Gazette<\/em>. La majeure partie des notes qui suivent furent \u00e9crites \u00e0 destination de ce dernier.<\/p>\n<p>[Notre traduction du carnet num\u00e9ro 6 commence le 13 ao\u00fbt 2024. Nous transcrirons \u00e9galement, au fur et \u00e0 mesure, les fragments qu&rsquo;Andrew n&rsquo;a pas choisi de mettre en lumi\u00e8re \u2014 les Carnets n&rsquo;ont \u00e9t\u00e9 transcrits que partiellement.&nbsp; Ce qui sera transcrit par nos soins le sera en bleu marine. ]&nbsp;<\/p>\n<p><br><\/p>\t\t\t\t\t\t\t\t<\/div>\n\t\t\t\t<\/div>\n\t\t\t\t<div class=\"elementor-element elementor-element-39356b6 elementor-widget elementor-widget-text-editor\" data-id=\"39356b6\" data-element_type=\"widget\" data-widget_type=\"text-editor.default\">\n\t\t\t\t<div class=\"elementor-widget-container\">\n\t\t\t\t\t\t\t\t\t<p><\/p>\n<p>6\/1) Reporters, etc. dans les journaux provinciaux \u2013 St J[ames\u2019s] G[azette] \u00ab\u00a0Le Reporter\u00a0\u00bb.<\/p>\n<p>6\/9) Article sur les corbeaux, est \u00e9crit (les freux<a href=\"#_ftn1\" name=\"_ftnref1\">[1]<\/a>).<\/p>\n<p>6\/11) Le sous(-r\u00e9dacteur en chef) vit dans la peur de la mort.<\/p>\n<p>6\/12) N\u00e9crologies fin pr\u00eates.<\/p>\n<p>6\/21) Sur le point de r\u00e9citer des pri\u00e8res une seconde fois \u2013 se souvient et ne le fait pas.<\/p>\n<p>6\/22) \u00c9criture de penny dreadfuls<a href=\"#_ftn2\" name=\"_ftnref2\">[2]<\/a>.<\/p>\n<p>6\/27) R\u00e9daction de critiques th\u00e9\u00e2trales sans assister aux repr\u00e9sentations.<\/p>\n<p>6\/31) L&rsquo;amour du public pour l\u2019obsc\u00e8ne.<\/p>\n<p>6\/36) \u00c9crire en tirant \u00e0 la ligne. <a href=\"#_ftn3\" name=\"_ftnref3\">[3]<\/a><\/p>\n<p>6\/41) Comment [un] reporter fait la couverture d\u2019un meurtre.<\/p>\n<p>6\/44) H\u00e9ros effray\u00e9 par les serveuses.<\/p>\n<p>6\/46) Les lettres d&rsquo;un gar\u00e7on au journal sign\u00e9es \u00ab\u00a0Contribuable indign\u00e9\u00a0\u00bb.<\/p>\n<p>6\/49) Le journaliste aimerait tuer tous les r\u00e9dacteurs.<\/p>\n<p>6\/52) Livres chroniqu\u00e9s sans couper [les pages].<\/p>\n<p>6\/54) Les obs\u00e8ques d\u2019Effie Lunan.<a href=\"#_ftn4\" name=\"_ftnref4\">[4]<\/a><\/p>\n<p>6\/63) Lui aussi M.A. ! Sans penser pour autant pas qu\u2019il ait bien r\u00e9ussi.<\/p>\n<p>6\/65) Suivre les gens pour voir s\u2019ils lisent nos articles.<\/p>\n<p>6\/69) \u00ab\u00a0Je suis un homme simple \u2013&nbsp; un homme simple.\u00a0\u00bb<\/p>\n<p>\u00ab\u00a0Oui, et alors ?\u00a0\u00bb<\/p>\n<p>6\/71) Flirt aper\u00e7u \u00e0 travers les rideaux dans une p\u00e9niche (th\u00e9\u00e2tre d&rsquo;ombres).<\/p>\n<p>6\/78) Ne m&rsquo;appelez pas Mademoiselle \u2013 le mot sonne comme un reproche.<\/p>\n<p>6\/80) Le plus jeune n\u2019est pas n\u00e9cessairement le plus sage.<\/p>\n<p>6\/83) Les hommes gentils sont toujours si m\u00e9chants.<\/p>\n<p>6\/86) C&rsquo;est lorsqu&rsquo;un homme atteint l&rsquo;\u00e2geo\u00f9 il devrait faire preuve de discr\u00e9tion qu&rsquo;il devient tr\u00e8s indiscret.<\/p>\n<p>6\/93) Sois une s\u0153ur pour lui \u2013 Cela lui pla\u00eet plus \u00e0 cet homme qu&rsquo;elle ne s&rsquo;y attendait.<\/p>\n<p>6\/94) Il a l&rsquo;air tr\u00e8s jeune \u2013 il vit comme une \u00e9preuv le fait qu&rsquo;on le prenne toujours pour un gar\u00e7on.<\/p>\n<p>6\/95) Ne d\u00e9passe gu\u00e8re le stade d&rsquo;aimer une femme plus grande que lui.<\/p>\n<p>6\/98) Tel un goujat \u2013 mais c&rsquo;est son seul d\u00e9faut. \u2013 Un hamac dans une p\u00e9niche. Son seul d\u00e9faut est de c\u00e9der quand on s\u2019assied dedans.<\/p>\n<p>6\/102) Gar\u00e7on en col\u00e8re car la fille l&#8217;embrasse \u2013 \u00ab\u00a0Quelqu&rsquo;un pourrait t\u2019avoir vue\u00a0\u00bb. (AJOUT\u00c9 PLUS TARD: Voir le Gar\u00e7on dans la pi\u00e8ce Walker London)<\/p>\n<p>6\/103) Gar\u00e7on effray\u00e9 que l&rsquo;on donne son pr\u00e9nom au b\u00e9b\u00e9.<\/p>\n<p>6\/105) La raison pour laquelle les hommes fument.<\/p>\n<p>6\/106) Pourquoi une fille de 1m50 a-t-elle besoin de plus de 4 m\u00e8tres de tissu pour une robe ?<\/p>\n<p>6\/108) Se r\u00e9veillait avec horreur en r\u00eavant qu&rsquo;il \u00e9tait mari\u00e9.<\/p>\n<p>6\/109) (Voir 102) La fille dit que le gar\u00e7on aimera \u00eatre embrass\u00e9 un jour.<\/p>\n<p>Il \u2013 Vous n&rsquo;avez pas le droit de porter ces accusations contre moi !<\/p>\n<p>6\/110) \u00c0 quoi pensez-vous ?<\/p>\n<p>\u00c0 rien.<\/p>\n<p>Vous, terrible \u00e9go\u00efste.<\/p>\n<p>6\/114) Se rendre en Angleterre et \u00e0 Londres, c&rsquo;est \u00e9quivalent selon les \u00c9cossais.<\/p>\n<p>6\/118) Les femmes ne sont absolument pas terribles, mais une femme l\u2019est.<\/p>\n<p>6\/119) La seule protection contre les femmes est d&rsquo;en conna\u00eetre un grand nombre.<\/p>\n<p>6\/120) Effet de tomber amoureux (R.L. Stevenson)<\/p>\n<p>6\/126) La fille l\u2019admire pour ce qu\u2019il a de pire (pas pour ce qu\u2019il a de meilleur).<\/p>\n<p>6\/128) M\u00eame r\u00eave de mariage.<\/p>\n<p>6\/135) Les hommes ne peuvent pas se r\u00e9unir sans parler de salet\u00e9.<\/p>\n<p>6\/136) Dieu et Mammon \u2013 tout le monde essaie.<\/p>\n<p>6\/137) \u00ab\u00a0Parfois je l&rsquo;aime bien et d&rsquo;autres fois je m&rsquo;en fiche.\u00a0\u00bb<\/p>\n<p>6\/138) Virtueux \u2235 bon march\u00e9.<\/p>\n<p>6\/139) Honn\u00eatet\u00e9 et franchise admirables qui, chez certaines personnes, ne sont que de la stupidit\u00e9.<\/p>\n<p>6\/140) Gar\u00e7on d&rsquo;\u00e9cole qui a admis que sa s\u0153ur \u00e9tait un gar\u00e7on.<\/p>\n<p>6\/146) Courb\u00e9 \u00e0 force de vivre dans des pi\u00e8ces \u00e0 plafond bas.<\/p>\n<p>6\/147) La franchise et les flirts de la fille ne lui sont rien, semblent beaucoup \u00e0 Rob.<\/p>\n<p>6\/149) Discussion Auld Licht dans la presse \u2013 Forfar Herald. [5 juin 1885]<\/p>\n<p>6\/150) Pluie \u2013 anges pleurant pour Effie [Lunan].<\/p>\n<p>6\/152) Ras\u00e9 tous les jours \u2013 une cr\u00e9ature orgueilleuse.<\/p>\n<p>6\/153) Pas assez stupide pour jamais devenir un grand homme.<\/p>\n<p>6\/154) Une des choses les plus difficiles dans la vie est d\u2019\u00eatre mis\u00e9rable pendant longtemps d\u2019affil\u00e9e.<\/p>\n<p>6\/156) \u00c2ge o\u00f9 l&rsquo;homme pense qu&rsquo;il vaut la peine de th\u00e9oriser sur les femmes.<\/p>\n<p>6\/162) \u00a36 en 2 heures, \u00a35,000 par an.<\/p>\n<p>6\/165) Personne n\u2019est aussi heureux que celui qui est assez stupide \u2013 \u2234 [donc] beaucoup de gens heureux.<\/p>\n<p>6\/167) La plus belle chose au monde \u2013 une femme peut passer par la corruption et rester pure.<\/p>\n<p>6\/171) La presse transforme le sang de l\u2019homme en eau.<\/p>\n<p>6\/172) La vie de reporter est mis\u00e9rable.<\/p>\n<p>6\/174) Citation \u00ab\u00a0Le Lecteur M\u00e9dite\u00a0\u00bb (\u00ab\u00a0Les Romans de ma s\u0153ur\u00a0\u00bb)<\/p>\n<p>6\/177) Journaliste qui n\u2019achetait jamais de journaux.<\/p>\n<p>6\/178) Vieux amis \u00e0 \u00e9viter \u2013 bon conseil.<\/p>\n<p>6\/179) Gens qui imitent les articles \u2013 r\u00e9dacteur effray\u00e9.<\/p>\n<p>6\/184) Embankment la nuit \u2013 la vue la plus romantique du monde.<\/p>\n<p>6\/188) \u00ab\u00a0La voir est un frein imm\u00e9diat \u00e0 tout comportement rel\u00e2ch\u00e9.\u00a0\u00bb (Steele)<\/p>\n<p>6\/189) Premier rapport de Rob r\u00e9duit jusqu&rsquo;\u00e0 dispara\u00eetre.<\/p>\n<p>6\/190) Londres pour Rob, c\u2019est seulement l&rsquo;endroit o\u00f9 elle se trouvait.<\/p>\n<p>6\/193) Ambition du journaliste provincial de se rendre \u00e0 Londres.<\/p>\n<p>6\/196) Tue l&rsquo;enthousiasme litt\u00e9raire lorsque l&rsquo;\u00e9diteur demande un pr\u00eat de \u00a35 au lieu de payer.<\/p>\n<p>6\/209) Colonne de Thrums \u00e0 Londres.<\/p>\n<p>6\/215) Il y aura toujours un grand nombre d&rsquo;enfants pour pr\u00e9f\u00e9rer deux pommes pourries \u00e0 une seule en bon \u00e9tat.<\/p>\n<p>6\/216) Londres surtout remarquable comme la seule ville au monde o\u00f9 l&rsquo;on peut traverser la rue en mangeant un pain sans \u00eatre regard\u00e9.<\/p>\n<p>6\/221) Rob enclin \u00e0 \u00eatre philistin dans sa tenue jusqu\u2019\u00e0 ce qu\u2019il rencontre une fille \u2013 \u00c9cossaise.<\/p>\n<p>6\/227) Une des choses les plus difficiles dans la vie est d\u2019\u00eatre mis\u00e9rable pendant longtemps ou d\u2019affil\u00e9e.<\/p>\n<p>******* Notes (en violet, celles d&rsquo;Andrew&nbsp; ; en violet et gras, les miennes)<\/p>\n<p><strong><a href=\"#_ftnref1\" name=\"_ftn1\">[1]<\/a> Cf. <em>The Greenwood Hat<\/em>, chapitre II.<\/strong><\/p>\n<p><a href=\"#_ftnref2\" name=\"_ftn2\">[2]<\/a> Cf. l\u2019article en date du 9 ao\u00fbt 1884 dans le <em>Pall Mall Gazette<\/em>. \u00ab\u00a0Penny Dreadfuls\u00a0\u00bb \u2013 Pall Mall Gazette, 9 ao\u00fbt 1884. Un article qui parle de&nbsp; la litt\u00e9rature sensationnelle et bon march\u00e9 connue sous le nom de \u00ab\u00a0Penny Dreadfuls\u00a0\u00bb.<\/p>\n<p><a href=\"#_ftnref3\" name=\"_ftn3\">[3]<\/a> \u00ab\u00a0Penny-a-Lining\u00a0\u00bb, cf. l\u2019article paru dans la St James\u2019s Gazette, le 7 juillet 1885, o\u00f9 il est question des reporters qui \u00e9toffent leurs articles \u00e0 raison d&rsquo;un penny par ligne.<\/p>\n<p>\u00ab\u00a0Killing an Editor\u00a0\u00bb \u2013 St James\u2019s Gazette, 24 mars 1887<\/p>\n<p><a href=\"#_ftnref4\" name=\"_ftn4\">[4]<\/a> Personnage de Auld Lichts Idylls<\/p>\t\t\t\t\t\t\t\t<\/div>\n\t\t\t\t<\/div>\n\t\t\t\t\t<\/div>\n\t\t<\/div>\n\t\t\t\t\t<\/div>\n\t\t<\/section>\n\t\t\t\t<\/div>\n\t\t","protected":false},"excerpt":{"rendered":"<p>Note d&rsquo;Andrew : Bien que les Cahiers #1-4 soient ant\u00e9rieurs \u00e0 ceci, ils sont quasi exclusivement constitu\u00e9s de [&hellip;]<\/p>\n","protected":false},"author":1,"featured_media":0,"parent":0,"menu_order":0,"comment_status":"closed","ping_status":"closed","template":"","meta":{"_bbp_topic_count":0,"_bbp_reply_count":0,"_bbp_total_topic_count":0,"_bbp_total_reply_count":0,"_bbp_voice_count":0,"_bbp_anonymous_reply_count":0,"_bbp_topic_count_hidden":0,"_bbp_reply_count_hidden":0,"_bbp_forum_subforum_count":0,"footnotes":""},"class_list":["post-1019","page","type-page","status-publish","hentry"],"_links":{"self":[{"href":"https:\/\/jmbarrie.fr\/index.php\/wp-json\/wp\/v2\/pages\/1019","targetHints":{"allow":["GET"]}}],"collection":[{"href":"https:\/\/jmbarrie.fr\/index.php\/wp-json\/wp\/v2\/pages"}],"about":[{"href":"https:\/\/jmbarrie.fr\/index.php\/wp-json\/wp\/v2\/types\/page"}],"author":[{"embeddable":true,"href":"https:\/\/jmbarrie.fr\/index.php\/wp-json\/wp\/v2\/users\/1"}],"replies":[{"embeddable":true,"href":"https:\/\/jmbarrie.fr\/index.php\/wp-json\/wp\/v2\/comments?post=1019"}],"version-history":[{"count":4,"href":"https:\/\/jmbarrie.fr\/index.php\/wp-json\/wp\/v2\/pages\/1019\/revisions"}],"predecessor-version":[{"id":1025,"href":"https:\/\/jmbarrie.fr\/index.php\/wp-json\/wp\/v2\/pages\/1019\/revisions\/1025"}],"wp:attachment":[{"href":"https:\/\/jmbarrie.fr\/index.php\/wp-json\/wp\/v2\/media?parent=1019"}],"curies":[{"name":"wp","href":"https:\/\/api.w.org\/{rel}","templated":true}]}}