{"id":67,"date":"2021-04-28T20:00:41","date_gmt":"2021-04-28T18:00:41","guid":{"rendered":"http:\/\/jmbarrie.fr\/?page_id=67"},"modified":"2025-04-18T09:55:36","modified_gmt":"2025-04-18T07:55:36","slug":"essais-de-celine-albin-faivre","status":"publish","type":"page","link":"https:\/\/jmbarrie.fr\/index.php\/essais\/essais-de-celine-albin-faivre\/","title":{"rendered":"Essais de C\u00e9line-Albin Faivre"},"content":{"rendered":"\t\t<div data-elementor-type=\"wp-page\" data-elementor-id=\"67\" class=\"elementor elementor-67\">\n\t\t\t\t\t\t<section class=\"elementor-section elementor-top-section elementor-element elementor-element-465acf1 elementor-section-boxed elementor-section-height-default elementor-section-height-default\" data-id=\"465acf1\" data-element_type=\"section\">\n\t\t\t\t\t\t<div class=\"elementor-container elementor-column-gap-default\">\n\t\t\t\t\t<div class=\"elementor-column elementor-col-100 elementor-top-column elementor-element elementor-element-60a8b9ec\" data-id=\"60a8b9ec\" data-element_type=\"column\">\n\t\t\t<div class=\"elementor-widget-wrap elementor-element-populated\">\n\t\t\t\t\t\t<div class=\"elementor-element elementor-element-f82a6fa elementor-widget elementor-widget-text-editor\" data-id=\"f82a6fa\" data-element_type=\"widget\" data-widget_type=\"text-editor.default\">\n\t\t\t\t<div class=\"elementor-widget-container\">\n\t\t\t\t\t\t\t\t\t<p>Voici quelques textes \u00e9crits, au fil des ann\u00e9es, pour pr\u00e9senter l&rsquo;\u0153uvre, la pens\u00e9e et l&rsquo;esth\u00e9tique de J. M. Barrie.\u00a0<\/p><p><img decoding=\"async\" class=\"alignnone size-full wp-image-911\" src=\"https:\/\/jmbarrie.fr\/wp-content\/uploads\/2021\/08\/telechargement__1_-removebg-preview-removebg-preview.png\" alt=\"\" width=\"57\" height=\"57\" \/><a href=\"https:\/\/jmbarrie.fr\/wp-content\/uploads\/2021\/08\/belphegor-384.pdf\">Les Masques de Jacobus Hook : Partie I sur II<\/a><\/p><p><img decoding=\"async\" class=\"alignnone size-full wp-image-911\" src=\"https:\/\/jmbarrie.fr\/wp-content\/uploads\/2021\/08\/telechargement__1_-removebg-preview-removebg-preview.png\" alt=\"\" width=\"57\" height=\"57\" \/><\/p><p><a href=\"https:\/\/jmbarrie.fr\/wp-content\/uploads\/2021\/08\/belphegor-386.pdf\">Les Masques de Jacobus Hook : Partie II sur II<\/a><\/p><p><img decoding=\"async\" class=\"alignnone size-full wp-image-911\" src=\"https:\/\/jmbarrie.fr\/wp-content\/uploads\/2021\/08\/telechargement__1_-removebg-preview-removebg-preview.png\" alt=\"\" width=\"57\" height=\"57\" \/><\/p><p><a href=\"https:\/\/jmbarrie.fr\/wp-content\/uploads\/2021\/08\/postface-Julie-Logan-sept-2012.pdf\">Postface \u00e0 <em>Adieu Miss Julie Logan<\/em><\/a><\/p><p><img decoding=\"async\" class=\"alignnone size-full wp-image-911\" src=\"https:\/\/jmbarrie.fr\/wp-content\/uploads\/2021\/08\/telechargement__1_-removebg-preview-removebg-preview.png\" alt=\"\" width=\"57\" height=\"57\" \/><\/p><p><a href=\"https:\/\/jmbarrie.fr\/wp-content\/uploads\/2025\/04\/Sa-berceuse-de-mort_aout2011.doc\">Pr\u00e9face \u00e0 Margaret Ogilvy<\/a><\/p>\t\t\t\t\t\t\t\t<\/div>\n\t\t\t\t<\/div>\n\t\t\t\t\t<\/div>\n\t\t<\/div>\n\t\t\t\t\t<\/div>\n\t\t<\/section>\n\t\t\t\t<\/div>\n\t\t","protected":false},"excerpt":{"rendered":"<p>Voici quelques textes \u00e9crits, au fil des ann\u00e9es, pour pr\u00e9senter l&rsquo;\u0153uvre, la pens\u00e9e et l&rsquo;esth\u00e9tique de J. M. [&hellip;]<\/p>\n","protected":false},"author":1,"featured_media":0,"parent":25,"menu_order":1,"comment_status":"closed","ping_status":"closed","template":"","meta":{"_bbp_topic_count":0,"_bbp_reply_count":0,"_bbp_total_topic_count":0,"_bbp_total_reply_count":0,"_bbp_voice_count":0,"_bbp_anonymous_reply_count":0,"_bbp_topic_count_hidden":0,"_bbp_reply_count_hidden":0,"_bbp_forum_subforum_count":0,"footnotes":""},"class_list":["post-67","page","type-page","status-publish","hentry"],"_links":{"self":[{"href":"https:\/\/jmbarrie.fr\/index.php\/wp-json\/wp\/v2\/pages\/67","targetHints":{"allow":["GET"]}}],"collection":[{"href":"https:\/\/jmbarrie.fr\/index.php\/wp-json\/wp\/v2\/pages"}],"about":[{"href":"https:\/\/jmbarrie.fr\/index.php\/wp-json\/wp\/v2\/types\/page"}],"author":[{"embeddable":true,"href":"https:\/\/jmbarrie.fr\/index.php\/wp-json\/wp\/v2\/users\/1"}],"replies":[{"embeddable":true,"href":"https:\/\/jmbarrie.fr\/index.php\/wp-json\/wp\/v2\/comments?post=67"}],"version-history":[{"count":14,"href":"https:\/\/jmbarrie.fr\/index.php\/wp-json\/wp\/v2\/pages\/67\/revisions"}],"predecessor-version":[{"id":1109,"href":"https:\/\/jmbarrie.fr\/index.php\/wp-json\/wp\/v2\/pages\/67\/revisions\/1109"}],"up":[{"embeddable":true,"href":"https:\/\/jmbarrie.fr\/index.php\/wp-json\/wp\/v2\/pages\/25"}],"wp:attachment":[{"href":"https:\/\/jmbarrie.fr\/index.php\/wp-json\/wp\/v2\/media?parent=67"}],"curies":[{"name":"wp","href":"https:\/\/api.w.org\/{rel}","templated":true}]}}